{"id":6,"date":"2024-06-07T15:40:59","date_gmt":"2024-06-07T15:40:59","guid":{"rendered":"http:\/\/localhost\/alaska\/?page_id=6"},"modified":"2024-07-13T08:28:34","modified_gmt":"2024-07-13T08:28:34","slug":"home","status":"publish","type":"page","link":"https:\/\/alaskagroup-ks.com\/en\/","title":{"rendered":"Home"},"content":{"rendered":"","protected":false},"excerpt":{"rendered":"","protected":false},"author":1,"featured_media":0,"parent":0,"menu_order":0,"comment_status":"closed","ping_status":"closed","template":"home.php","meta":{"_acf_changed":false,"inline_featured_image":false,"footnotes":""},"class_list":["post-6","page","type-page","status-publish","hentry"],"acf":[],"yoast_head":"<!-- This site is optimized with the Yoast SEO plugin v27.4 - https:\/\/yoast.com\/product\/yoast-seo-wordpress\/ -->\n<title>Ballina - Alaska Group SHPK<\/title>\n<meta name=\"description\" content=\"Shijoni ndryshimin q\u00eb meritoni. Zgjidhni zgjidhjet tona p\u00ebr ngrohjen dhe ftohjen p\u00ebr nj\u00eb p\u00ebrmir\u00ebsim t\u00eb q\u00ebndruesh\u00ebm dhe m\u00eb efikas.\" \/>\n<meta name=\"robots\" content=\"index, follow, max-snippet:-1, max-image-preview:large, max-video-preview:-1\" \/>\n<link rel=\"canonical\" href=\"https:\/\/alaskagroup-ks.com\/en\/\" \/>\n<meta property=\"og:locale\" content=\"en_GB\" \/>\n<meta property=\"og:type\" content=\"article\" \/>\n<meta property=\"og:title\" content=\"Ballina - Alaska Group SHPK\" \/>\n<meta property=\"og:description\" content=\"Shijoni ndryshimin q\u00eb meritoni. Zgjidhni zgjidhjet tona p\u00ebr ngrohjen dhe ftohjen p\u00ebr nj\u00eb p\u00ebrmir\u00ebsim t\u00eb q\u00ebndruesh\u00ebm dhe m\u00eb efikas.\" \/>\n<meta property=\"og:url\" content=\"https:\/\/alaskagroup-ks.com\/en\/\" \/>\n<meta property=\"og:site_name\" content=\"Alaska Group SHPK\" \/>\n<meta property=\"article:modified_time\" content=\"2024-07-13T08:28:34+00:00\" \/>\n<meta name=\"twitter:card\" content=\"summary_large_image\" \/>\n<script type=\"application\/ld+json\" class=\"yoast-schema-graph\">{\"@context\":\"https:\\\/\\\/schema.org\",\"@graph\":[{\"@type\":\"WebPage\",\"@id\":\"https:\\\/\\\/alaskagroup-ks.com\\\/\",\"url\":\"https:\\\/\\\/alaskagroup-ks.com\\\/\",\"name\":\"Ballina - Alaska Group SHPK\",\"isPartOf\":{\"@id\":\"https:\\\/\\\/alaskagroup-ks.com\\\/#website\"},\"datePublished\":\"2024-06-07T15:40:59+00:00\",\"dateModified\":\"2024-07-13T08:28:34+00:00\",\"description\":\"Shijoni ndryshimin q\u00eb meritoni. Zgjidhni zgjidhjet tona p\u00ebr ngrohjen dhe ftohjen p\u00ebr nj\u00eb p\u00ebrmir\u00ebsim t\u00eb q\u00ebndruesh\u00ebm dhe m\u00eb efikas.\",\"breadcrumb\":{\"@id\":\"https:\\\/\\\/alaskagroup-ks.com\\\/#breadcrumb\"},\"inLanguage\":\"en-GB\",\"potentialAction\":[{\"@type\":\"ReadAction\",\"target\":[\"https:\\\/\\\/alaskagroup-ks.com\\\/\"]}]},{\"@type\":\"BreadcrumbList\",\"@id\":\"https:\\\/\\\/alaskagroup-ks.com\\\/#breadcrumb\",\"itemListElement\":[{\"@type\":\"ListItem\",\"position\":1,\"name\":\"Home\",\"item\":\"https:\\\/\\\/alaskagroup-ks.com\\\/\"},{\"@type\":\"ListItem\",\"position\":2,\"name\":\"Ballina\"}]},{\"@type\":\"WebSite\",\"@id\":\"https:\\\/\\\/alaskagroup-ks.com\\\/#website\",\"url\":\"https:\\\/\\\/alaskagroup-ks.com\\\/\",\"name\":\"Alaska Group SHPK\",\"description\":\"\",\"publisher\":{\"@id\":\"https:\\\/\\\/alaskagroup-ks.com\\\/#organization\"},\"potentialAction\":[{\"@type\":\"SearchAction\",\"target\":{\"@type\":\"EntryPoint\",\"urlTemplate\":\"https:\\\/\\\/alaskagroup-ks.com\\\/?s={search_term_string}\"},\"query-input\":{\"@type\":\"PropertyValueSpecification\",\"valueRequired\":true,\"valueName\":\"search_term_string\"}}],\"inLanguage\":\"en-GB\"},{\"@type\":\"Organization\",\"@id\":\"https:\\\/\\\/alaskagroup-ks.com\\\/#organization\",\"name\":\"Alaska Group SHPK\",\"url\":\"https:\\\/\\\/alaskagroup-ks.com\\\/\",\"logo\":{\"@type\":\"ImageObject\",\"inLanguage\":\"en-GB\",\"@id\":\"https:\\\/\\\/alaskagroup-ks.com\\\/#\\\/schema\\\/logo\\\/image\\\/\",\"url\":\"https:\\\/\\\/alaskagroup-ks.com\\\/wp-content\\\/uploads\\\/2024\\\/07\\\/logo-1.svg\",\"contentUrl\":\"https:\\\/\\\/alaskagroup-ks.com\\\/wp-content\\\/uploads\\\/2024\\\/07\\\/logo-1.svg\",\"width\":156,\"height\":50,\"caption\":\"Alaska Group SHPK\"},\"image\":{\"@id\":\"https:\\\/\\\/alaskagroup-ks.com\\\/#\\\/schema\\\/logo\\\/image\\\/\"}}]}<\/script>\n<!-- \/ Yoast SEO plugin. -->","yoast_head_json":{"title":"Ballina - Alaska Group SHPK","description":"Enjoy the change you deserve. Choose our heating and cooling solutions for a sustainable and more efficient upgrade.","robots":{"index":"index","follow":"follow","max-snippet":"max-snippet:-1","max-image-preview":"max-image-preview:large","max-video-preview":"max-video-preview:-1"},"canonical":"https:\/\/alaskagroup-ks.com\/en\/","og_locale":"en_GB","og_type":"article","og_title":"Ballina - Alaska Group SHPK","og_description":"Shijoni ndryshimin q\u00eb meritoni. Zgjidhni zgjidhjet tona p\u00ebr ngrohjen dhe ftohjen p\u00ebr nj\u00eb p\u00ebrmir\u00ebsim t\u00eb q\u00ebndruesh\u00ebm dhe m\u00eb efikas.","og_url":"https:\/\/alaskagroup-ks.com\/en\/","og_site_name":"Alaska Group SHPK","article_modified_time":"2024-07-13T08:28:34+00:00","twitter_card":"summary_large_image","schema":{"@context":"https:\/\/schema.org","@graph":[{"@type":"WebPage","@id":"https:\/\/alaskagroup-ks.com\/","url":"https:\/\/alaskagroup-ks.com\/","name":"Ballina - Alaska Group SHPK","isPartOf":{"@id":"https:\/\/alaskagroup-ks.com\/#website"},"datePublished":"2024-06-07T15:40:59+00:00","dateModified":"2024-07-13T08:28:34+00:00","description":"Enjoy the change you deserve. Choose our heating and cooling solutions for a sustainable and more efficient upgrade.","breadcrumb":{"@id":"https:\/\/alaskagroup-ks.com\/#breadcrumb"},"inLanguage":"en-GB","potentialAction":[{"@type":"ReadAction","target":["https:\/\/alaskagroup-ks.com\/"]}]},{"@type":"BreadcrumbList","@id":"https:\/\/alaskagroup-ks.com\/#breadcrumb","itemListElement":[{"@type":"ListItem","position":1,"name":"Home","item":"https:\/\/alaskagroup-ks.com\/"},{"@type":"ListItem","position":2,"name":"Ballina"}]},{"@type":"WebSite","@id":"https:\/\/alaskagroup-ks.com\/#website","url":"https:\/\/alaskagroup-ks.com\/","name":"Alaska Group SHPK","description":"","publisher":{"@id":"https:\/\/alaskagroup-ks.com\/#organization"},"potentialAction":[{"@type":"SearchAction","target":{"@type":"EntryPoint","urlTemplate":"https:\/\/alaskagroup-ks.com\/?s={search_term_string}"},"query-input":{"@type":"PropertyValueSpecification","valueRequired":true,"valueName":"search_term_string"}}],"inLanguage":"en-GB"},{"@type":"Organization","@id":"https:\/\/alaskagroup-ks.com\/#organization","name":"Alaska Group SHPK","url":"https:\/\/alaskagroup-ks.com\/","logo":{"@type":"ImageObject","inLanguage":"en-GB","@id":"https:\/\/alaskagroup-ks.com\/#\/schema\/logo\/image\/","url":"https:\/\/alaskagroup-ks.com\/wp-content\/uploads\/2024\/07\/logo-1.svg","contentUrl":"https:\/\/alaskagroup-ks.com\/wp-content\/uploads\/2024\/07\/logo-1.svg","width":156,"height":50,"caption":"Alaska Group SHPK"},"image":{"@id":"https:\/\/alaskagroup-ks.com\/#\/schema\/logo\/image\/"}}]}},"_links":{"self":[{"href":"https:\/\/alaskagroup-ks.com\/en\/wp-json\/wp\/v2\/pages\/6","targetHints":{"allow":["GET"]}}],"collection":[{"href":"https:\/\/alaskagroup-ks.com\/en\/wp-json\/wp\/v2\/pages"}],"about":[{"href":"https:\/\/alaskagroup-ks.com\/en\/wp-json\/wp\/v2\/types\/page"}],"author":[{"embeddable":true,"href":"https:\/\/alaskagroup-ks.com\/en\/wp-json\/wp\/v2\/users\/1"}],"replies":[{"embeddable":true,"href":"https:\/\/alaskagroup-ks.com\/en\/wp-json\/wp\/v2\/comments?post=6"}],"version-history":[{"count":1,"href":"https:\/\/alaskagroup-ks.com\/en\/wp-json\/wp\/v2\/pages\/6\/revisions"}],"predecessor-version":[{"id":848,"href":"https:\/\/alaskagroup-ks.com\/en\/wp-json\/wp\/v2\/pages\/6\/revisions\/848"}],"wp:attachment":[{"href":"https:\/\/alaskagroup-ks.com\/en\/wp-json\/wp\/v2\/media?parent=6"}],"curies":[{"name":"wp","href":"https:\/\/api.w.org\/{rel}","templated":true}]}}